{"id":1096,"date":"2026-02-04T16:31:20","date_gmt":"2026-02-04T15:31:20","guid":{"rendered":"https:\/\/movido.info\/in-gedenken\/?page_id=1096"},"modified":"2026-02-24T16:04:06","modified_gmt":"2026-02-24T15:04:06","slug":"movido-gedenkstaette","status":"publish","type":"page","link":"https:\/\/movido.info\/in-gedenken\/movido-gedenkstaette\/","title":{"rendered":"MoViDo Gedenkst\u00e4tte"},"content":{"rendered":"<div id=\"pl-1096\"  class=\"panel-layout\" ><div id=\"pg-1096-0\"  class=\"panel-grid panel-has-style\" ><div class=\"panel-row-style panel-row-style-for-1096-0\" ><div id=\"pgc-1096-0-0\"  class=\"panel-grid-cell\" ><div id=\"panel-1096-0-0-0\" class=\"so-panel widget widget_sow-editor panel-first-child\" data-index=\"0\" ><div class=\"panel-widget-style panel-widget-style-for-1096-0-0-0\" ><div\n\t\t\t\n\t\t\tclass=\"so-widget-sow-editor so-widget-sow-editor-base\"\n\t\t\t\n\t\t>\n<div class=\"siteorigin-widget-tinymce textwidget\">\n\t<h2 style=\"text-align: center;\">\u201eHeute ehren wir das Leben vieler Menschen<br \/>\n\u2013 verschieden und doch verbunden<br \/>\ndurch Erinnerung und Liebe\u201c<\/h2>\n<h3 style=\"text-align: center;\">Ihr seid nicht mehr dort, wo ihr wart \u2013 doch ihr seid \u00fcberall dort,<br \/>\nwo wir eurer gedenken\u201c<\/h3>\n<\/div>\n<\/div><\/div><\/div><div id=\"panel-1096-0-0-1\" class=\"so-panel widget widget_siteorigin-panels-builder panel-last-child\" data-index=\"1\" ><div class=\"panel-widget-style panel-widget-style-for-1096-0-0-1\" ><div id=\"pl-w698467105b1bc\"  class=\"panel-layout\" ><div id=\"pg-w698467105b1bc-0\"  class=\"panel-grid panel-no-style\" ><div id=\"pgc-w698467105b1bc-0-0\"  class=\"panel-grid-cell\" ><div id=\"panel-w698467105b1bc-0-0-0\" class=\"so-panel widget widget_sow-editor panel-first-child panel-last-child\" data-index=\"0\" ><div\n\t\t\t\n\t\t\tclass=\"so-widget-sow-editor so-widget-sow-editor-base\"\n\t\t\t\n\t\t>\n<div class=\"siteorigin-widget-tinymce textwidget\">\n\t<p style=\"text-align: center;\">\u201eWie Sterne am Himmel leuchten sie weiter \u2013 jede und jeder von ihnen auf eigene Weise.\u201c<\/p>\n<\/div>\n<\/div><\/div><\/div><div id=\"pgc-w698467105b1bc-0-1\"  class=\"panel-grid-cell\" ><div id=\"panel-w698467105b1bc-0-1-0\" class=\"so-panel widget widget_sow-editor panel-first-child panel-last-child\" data-index=\"1\" ><div\n\t\t\t\n\t\t\tclass=\"so-widget-sow-editor so-widget-sow-editor-base\"\n\t\t\t\n\t\t>\n<div class=\"siteorigin-widget-tinymce textwidget\">\n\t<p style=\"text-align: center;\">\u201eEin liebevoller wunderbarer Mensch hat seine Reise in die Ewigkeit begonnen\u201c<\/p>\n<\/div>\n<\/div><\/div><\/div><div id=\"pgc-w698467105b1bc-0-2\"  class=\"panel-grid-cell\" ><div id=\"panel-w698467105b1bc-0-2-0\" class=\"so-panel widget widget_sow-editor panel-first-child panel-last-child\" data-index=\"2\" ><div\n\t\t\t\n\t\t\tclass=\"so-widget-sow-editor so-widget-sow-editor-base\"\n\t\t\t\n\t\t>\n<div class=\"siteorigin-widget-tinymce textwidget\">\n\t<p style=\"text-align: center;\">\u201eEin stiller \u00dcbergang \u2013 von der Zeit in die Ewigkeit\u201c<\/p>\n<\/div>\n<\/div><\/div><\/div><div id=\"pgc-w698467105b1bc-0-3\"  class=\"panel-grid-cell\" ><div id=\"panel-w698467105b1bc-0-3-0\" class=\"so-panel widget widget_sow-editor panel-first-child panel-last-child\" data-index=\"3\" ><div\n\t\t\t\n\t\t\tclass=\"so-widget-sow-editor so-widget-sow-editor-base\"\n\t\t\t\n\t\t>\n<div class=\"siteorigin-widget-tinymce textwidget\">\n\t<p style=\"text-align: center;\">\u201eSie haben die irdische Welt verlassen, um gemeinsam Frieden und Vollendung zu finden\u201c<\/p>\n<\/div>\n<\/div><\/div><\/div><\/div><div id=\"pg-w698467105b1bc-1\"  class=\"panel-grid panel-no-style\" ><div id=\"pgc-w698467105b1bc-1-0\"  class=\"panel-grid-cell\" ><div id=\"panel-w698467105b1bc-1-0-0\" class=\"so-panel widget widget_sow-editor panel-first-child panel-last-child\" data-index=\"4\" ><div\n\t\t\t\n\t\t\tclass=\"so-widget-sow-editor so-widget-sow-editor-base\"\n\t\t\t\n\t\t>\n<div class=\"siteorigin-widget-tinymce textwidget\">\n\t<p style=\"text-align: center;\">\u201eSie sind gegangen \u2013 doch ihr L\u00e4cheln, ihre Spuren und ihre Liebe bleiben f\u00fcr immer bei uns\u201c<\/p>\n<\/div>\n<\/div><\/div><\/div><div id=\"pgc-w698467105b1bc-1-1\"  class=\"panel-grid-cell\" ><div id=\"panel-w698467105b1bc-1-1-0\" class=\"so-panel widget widget_sow-editor panel-first-child panel-last-child\" data-index=\"5\" ><div\n\t\t\t\n\t\t\tclass=\"so-widget-sow-editor so-widget-sow-editor-base\"\n\t\t\t\n\t\t>\n<div class=\"siteorigin-widget-tinymce textwidget\">\n\t<p style=\"text-align: center;\">\u201eEin Mensch, der viel gegeben hat, ist von uns gegangen \u2013 sein Wirken bleibt in uns.\u201c<\/p>\n<\/div>\n<\/div><\/div><\/div><div id=\"pgc-w698467105b1bc-1-2\"  class=\"panel-grid-cell\" ><div id=\"panel-w698467105b1bc-1-2-0\" class=\"so-panel widget widget_sow-editor panel-first-child panel-last-child\" data-index=\"6\" ><div\n\t\t\t\n\t\t\tclass=\"so-widget-sow-editor so-widget-sow-editor-base\"\n\t\t\t\n\t\t>\n<div class=\"siteorigin-widget-tinymce textwidget\">\n\t<p style=\"text-align: center;\">\u201eWenn wir in Gedanken bei ihm sind, ist er uns ganz nah.\u201c<\/p>\n<\/div>\n<\/div><\/div><\/div><\/div><\/div><\/div><\/div><\/div><\/div><\/div><div id=\"pg-1096-1\"  class=\"panel-grid panel-no-style\" ><div id=\"pgc-1096-1-0\"  class=\"panel-grid-cell\" ><div id=\"panel-1096-1-0-0\" class=\"so-panel widget widget_sow-editor panel-first-child\" data-index=\"2\" ><div\n\t\t\t\n\t\t\tclass=\"so-widget-sow-editor so-widget-sow-editor-base\"\n\t\t\t\n\t\t>\n<div class=\"siteorigin-widget-tinymce textwidget\">\n\t<h2>Hinweise zur Gedenkst\u00e4tte<\/h2>\n<p>Die Gedenkst\u00e4tte befindet sich auf dem St\u00e4dtischen Friedhof am Hellweg, Hellweg 95, 45279 Essen, auf dem Feld 3, Grabnummern 204 bis 210.<br \/>\nDie Gedenkst\u00e4tte ist als Anlaufpunkt f\u00fcr alle Angeh\u00f6rigen und Freunde aller K\u00f6rperspender gedacht, unabh\u00e4ngig davon, wo die Urne bestattet oder die Asche verstreut wurde.<\/p>\n<p>Die Bestattungen, die hier in Essen stattfinden, finden f\u00fcr die nichtanonyme Bestattungsart auf dem Feld 3 statt.<br \/>\nDie anonymen Urnenbestattungen finden auf dem direkt gegen\u00fcberliegenden Feld 7 statt.<\/p>\n<p>Unsere Gedenkst\u00e4tte ist Allen gewidmet, auch denjenigen, die eine anonyme Ascheverstreuung oder eine Seebestattung gew\u00fcnscht haben.<br \/>\nAlle Angeh\u00f6rigen und Freunde sind herzlich eingeladen, Blumen und Kerzen dort niederzulegen.<\/p>\n<p>Der k\u00fcrzeste Zugang zum Feld 3 besteht \u00fcber den Eingang an der M\u00e4rkischen Stra\u00dfe<\/p>\n<p>Gestaltet ist die Gedenkst\u00e4tte mit r\u00f6tlich-braunem Migmatit-Gestein.<\/p>\n<p>Die zwei Gedenkstelen wurden handwerklich vom Essener Steinmetz- und Steinbildhauermeister Stefan Brinkmann gearbeitet.<br \/>\nDie gro\u00dfe Stele tr\u00e4gt die Inschrift \u201ereverentia aestimemus corporum suorum donatores\u201c \u2013 \u201eIn Ehrerbietung wollen wir die K\u00f6rperspender w\u00fcrdigen\u201c und spiegelt damit den Zweck der Gedenkst\u00e4tte wider. In die kleinere Stele wurde eine Kerzengrotte eingearbeitet und sie tr\u00e4gt die Inschrift \u201emortui vivos docent\u201c \u2013 \u201eDie Toten lehren die Lebenden\u201c.<\/p>\n<p>Das Licht soll die Verbundenheit zu den Verstorbenen \u201ebeleuchten\u201c, und die Inschrift stellt den Leitspruch des MoViDo K\u00f6rperspendeprogramms dar.<\/p>\n<\/div>\n<\/div><\/div><div id=\"panel-1096-1-0-1\" class=\"so-panel widget widget_sow-image panel-last-child\" data-index=\"3\" ><div\n\t\t\t\n\t\t\tclass=\"so-widget-sow-image so-widget-sow-image-default-dbf295114b96-1096\"\n\t\t\t\n\t\t>\n<div class=\"sow-image-container\">\n\t\t\t<a href=\"https:\/\/movido.info\/in-gedenken\/wp-content\/uploads\/sites\/3\/2026\/02\/movido-grabfelder-essen-hellweg-scaled.jpg\"\n\t\t\ttarget=\"_blank\" rel=\"noopener noreferrer\" \t\t>\n\t\t\t<img \n\tsrc=\"https:\/\/movido.info\/in-gedenken\/wp-content\/uploads\/sites\/3\/2026\/02\/movido-grabfelder-essen-hellweg-scaled.jpg\" width=\"2560\" height=\"1628\" srcset=\"https:\/\/movido.info\/in-gedenken\/wp-content\/uploads\/sites\/3\/2026\/02\/movido-grabfelder-essen-hellweg-scaled.jpg 2560w, https:\/\/movido.info\/in-gedenken\/wp-content\/uploads\/sites\/3\/2026\/02\/movido-grabfelder-essen-hellweg-300x191.jpg 300w, https:\/\/movido.info\/in-gedenken\/wp-content\/uploads\/sites\/3\/2026\/02\/movido-grabfelder-essen-hellweg-1024x651.jpg 1024w, https:\/\/movido.info\/in-gedenken\/wp-content\/uploads\/sites\/3\/2026\/02\/movido-grabfelder-essen-hellweg-768x488.jpg 768w, https:\/\/movido.info\/in-gedenken\/wp-content\/uploads\/sites\/3\/2026\/02\/movido-grabfelder-essen-hellweg-1536x977.jpg 1536w, https:\/\/movido.info\/in-gedenken\/wp-content\/uploads\/sites\/3\/2026\/02\/movido-grabfelder-essen-hellweg-2048x1303.jpg 2048w\" sizes=\"(max-width: 2560px) 100vw, 2560px\" title=\"movido-grabfelder-essen-hellweg\" alt=\"\" \t\tclass=\"so-widget-image\"\/>\n\t\t\t<\/a><\/div>\n\n<\/div><\/div><\/div><\/div><div id=\"pg-1096-2\"  class=\"panel-grid panel-no-style\" ><div id=\"pgc-1096-2-0\"  class=\"panel-grid-cell\" ><div id=\"panel-1096-2-0-0\" class=\"so-panel widget widget_sow-editor panel-first-child panel-last-child\" data-index=\"4\" ><div\n\t\t\t\n\t\t\tclass=\"so-widget-sow-editor so-widget-sow-editor-base\"\n\t\t\t\n\t\t>\n<div class=\"siteorigin-widget-tinymce textwidget\">\n\t<h2>Nutzungshinweise zur Gedenkst\u00e4tte<\/h2>\n<p>F\u00fcr die Ablage von Blumen und Kerzen bitten wir alle Angeh\u00f6rigen, die auch f\u00fcr uns verbindliche Friedhofssatzung sowie Gestaltungsvorschriften zu beachten (<a href=\"https:\/\/media.essen.de\/media\/wwwessende\/aemter\/15\/SR703neu.pdf\" target=\"_blank\" rel=\"noopener\">https:\/\/media.essen.de\/media\/wwwessende\/aemter\/15\/SR703neu.pdf<\/a>)<\/p>\n<p>Kunststoffe und nicht verrottbare Materialen sind aus \u00f6kologischen Gr\u00fcnden laut Satzung nicht gestattet; dies gilt hiernach auch f\u00fcr Kunstblumen und Kunstgestecke.<\/p>\n<p>Bitte beachten Sie, dass es sich bei mit Namen versehenen Schiefert\u00e4felchen etc. laut Friedhofssatzung um Grabmale handelt. Diese sind ebenfalls in der Friedhofssatzung geregelt. F\u00fcr Nichtanonyme Urnengr\u00e4ber besteht grunds\u00e4tzlich die M\u00f6glichkeit, ein Grabmal aufzustellen. Dieses ist jedoch genehmigungspflichtig und es bestehen weitere Regularien (z.B. eine Mindestdicke von 10 cm oder auch ein Herkunftsnachweis zum Ausschluss von Kinderarbeit). Angeh\u00f6rige, die ein Grabmal platzieren m\u00f6chten, bitten wir um vorherige R\u00fccksprache, um hier alles Notwendige fachgerecht auf den Weg bringen zu k\u00f6nnen.<\/p>\n<p>F\u00fcr die Ablage von Devotionalien und sonstigen Erinnerungsgegenst\u00e4nden, religi\u00f6ser oder nicht religi\u00f6ser Art, bitten wir folgendes zu beachten:<\/p>\n<p>Zum einen weisen die Grabfelder und die Gedenkst\u00e4tte naturgem\u00e4\u00df einen nur begrenzten Platz auf. Dies kann im Laufe der Zeit dazu f\u00fchren, dass die ausgewiesene Ablagefl\u00e4che \u00fcberf\u00fcllt wird. Wir bitten um Verst\u00e4ndnis, dass in einem solchen Fall Ablagen entfernt werden (in der Regel in chronologischer Abfolge). Gleiches gilt auch f\u00fcr Ablagen, die durch den \u201eZahn der Zeit\u201c einen verwitterten, unsch\u00f6nen Zustand erhalten haben.<\/p>\n<p>Bitte beachten Sie auch, dass f\u00fcr die Ablage eine gesonderte Fl\u00e4che ausgewiesen ist. Im Rahmen unserer Grabfelder ist dies die Grabnummer 204 (auf der linken Seite unserer Grabfl\u00e4chen).<\/p>\n<p>Auf den allgemeinen Wiesenfl\u00e4chen f\u00fcr anonyme Bestattungen (Feld 7, direkt gegen\u00fcber unserer Gedenkst\u00e4tte) ist dies die erkennbar plattierte Steinfl\u00e4che etwa auf H\u00f6he der Mitte des Feldes zum Gehwegrand hin).<\/p>\n<\/div>\n<\/div><\/div><\/div><\/div><div id=\"pg-1096-3\"  class=\"panel-grid panel-no-style\" ><div id=\"pgc-1096-3-0\"  class=\"panel-grid-cell\" ><div id=\"panel-1096-3-0-0\" class=\"so-panel widget widget_sow-editor panel-first-child\" data-index=\"5\" ><div\n\t\t\t\n\t\t\tclass=\"so-widget-sow-editor so-widget-sow-editor-base\"\n\t\t\t\n\t\t>\n<div class=\"siteorigin-widget-tinymce textwidget\">\n\t<h2>\u201eGeschmackvoll - ja oder nein ?\u201c<\/h2>\n<p>\u00dcber Geschmack l\u00e4sst sich bekanntlich nicht streiten.<\/p>\n<p>Und alle abgelegten Gegenst\u00e4nde haben f\u00fcr die betroffenen Angeh\u00f6rigen und Verstorbenen eine entsprechende Bedeutung, die es zu respektieren gilt.<\/p>\n<p>Gleichzeitig ist f\u00fcr Grabst\u00e4tten, die nicht nur einem oder wenigen individuellen Nutzern zugeordnet sind, sondern einer gr\u00f6\u00dferen, ggfs. sehr heterogenen Gruppe zur Bestattung oder als Anlauf- und Trauerst\u00e4tte dienen , ein m\u00f6glichst neutrales Erscheinungsbild zweckdienlich, um einen f\u00fcr alle Beteiligten annehmbaren Zustand zu gew\u00e4hrleisten.<\/p>\n<p>Aus diesem Grunde bitten wir, die Gedenkst\u00e4tte mit den aufgestellten Stelen (Grabnummern 208, 209 und 210) frei von individuell platzierten Gegenst\u00e4nden zu halten.<\/p>\n<p>Gleichwohl m\u00f6chten wir allen Angeh\u00f6rigen die M\u00f6glichkeit bieten, etwaige f\u00fcr sie oder die Verstorbenen bedeutungsvolle Devotionalien ablegen zu k\u00f6nnen. Dies ist ein berechtigtes Bed\u00fcrfnis und ein wichtiger Faktor im Rahmen der Trauerbew\u00e4ltigung und der Lebenserinnerungen.<\/p>\n<p>Aus diesem Grunde haben wir extra f\u00fcr diesen Zweck das Grab Nummer 204 f\u00fcr die Ablage individueller Devotionalien und Erinnerungsgegenst\u00e4nde hergerichtet und hierf\u00fcr bereitgestellt.<\/p>\n<\/div>\n<\/div><\/div><div id=\"panel-1096-3-0-1\" class=\"so-panel widget widget_sow-editor panel-last-child\" data-index=\"6\" ><div\n\t\t\t\n\t\t\tclass=\"so-widget-sow-editor so-widget-sow-editor-base\"\n\t\t\t\n\t\t>\n<div class=\"siteorigin-widget-tinymce textwidget\">\n\t<p>Sprechen Sie uns bei jedweden Fragen hierzu jederzeit gern an!<\/p>\n<p>Ihr\u00a0MoViDo-Team<\/p>\n<\/div>\n<\/div><\/div><\/div><\/div><\/div>","protected":false},"excerpt":{"rendered":"<p>\u201eHeute ehren wir das Leben vieler Menschen \u2013 verschieden und doch verbunden durch Erinnerung und Liebe\u201c Ihr seid nicht mehr dort, wo ihr wart \u2013 doch ihr seid \u00fcberall dort, wo wir eurer gedenken\u201c Hinweise zur Gedenkst\u00e4tte Die Gedenkst\u00e4tte befindet sich auf dem St\u00e4dtischen Friedhof am Hellweg, Hellweg 95, 45279 Essen, auf dem Feld 3, [&hellip;]<\/p>\n","protected":false},"author":1,"featured_media":0,"parent":0,"menu_order":0,"comment_status":"closed","ping_status":"closed","template":"","meta":{"_acf_changed":false,"footnotes":""},"class_list":["post-1096","page","type-page","status-publish","hentry"],"acf":[],"_links":{"self":[{"href":"https:\/\/movido.info\/in-gedenken\/wp-json\/wp\/v2\/pages\/1096","targetHints":{"allow":["GET"]}}],"collection":[{"href":"https:\/\/movido.info\/in-gedenken\/wp-json\/wp\/v2\/pages"}],"about":[{"href":"https:\/\/movido.info\/in-gedenken\/wp-json\/wp\/v2\/types\/page"}],"author":[{"embeddable":true,"href":"https:\/\/movido.info\/in-gedenken\/wp-json\/wp\/v2\/users\/1"}],"replies":[{"embeddable":true,"href":"https:\/\/movido.info\/in-gedenken\/wp-json\/wp\/v2\/comments?post=1096"}],"version-history":[{"count":26,"href":"https:\/\/movido.info\/in-gedenken\/wp-json\/wp\/v2\/pages\/1096\/revisions"}],"predecessor-version":[{"id":1401,"href":"https:\/\/movido.info\/in-gedenken\/wp-json\/wp\/v2\/pages\/1096\/revisions\/1401"}],"wp:attachment":[{"href":"https:\/\/movido.info\/in-gedenken\/wp-json\/wp\/v2\/media?parent=1096"}],"curies":[{"name":"wp","href":"https:\/\/api.w.org\/{rel}","templated":true}]}}